{"id":339,"date":"2025-04-10T11:55:33","date_gmt":"2025-04-10T11:55:33","guid":{"rendered":"https:\/\/suspicious-nightingale.37-148-207-16.plesk.page\/?page_id=339"},"modified":"2025-04-11T08:40:06","modified_gmt":"2025-04-11T08:40:06","slug":"ueber-baco-plan","status":"publish","type":"page","link":"https:\/\/suspicious-nightingale.37-148-207-16.plesk.page\/index.php\/baco-plan\/ueber-baco-plan\/","title":{"rendered":"\u00dcber baco-plan"},"content":{"rendered":"\t\t<div data-elementor-type=\"wp-page\" data-elementor-id=\"339\" class=\"elementor elementor-339\" data-elementor-post-type=\"page\">\n\t\t\t\t<div class=\"elementor-element elementor-element-8a98a00 e-flex e-con-boxed e-con e-parent\" data-id=\"8a98a00\" data-element_type=\"container\" data-e-type=\"container\" data-settings=\"{&quot;background_background&quot;:&quot;classic&quot;}\">\n\t\t\t\t\t<div class=\"e-con-inner\">\n\t\t<div class=\"elementor-element elementor-element-fbaaa48 e-con-full e-flex e-con e-child\" data-id=\"fbaaa48\" data-element_type=\"container\" data-e-type=\"container\">\n\t\t\t\t<div class=\"elementor-element elementor-element-eb752b3 elementor-widget elementor-widget-heading\" data-id=\"eb752b3\" data-element_type=\"widget\" data-e-type=\"widget\" data-widget_type=\"heading.default\">\n\t\t\t\t<div class=\"elementor-widget-container\">\n\t\t\t\t\t<h1 class=\"elementor-heading-title elementor-size-default\">Wir sind baco-plan<\/h1>\t\t\t\t<\/div>\n\t\t\t\t<\/div>\n\t\t\t\t<div class=\"elementor-element elementor-element-e54c4de elementor-widget elementor-widget-text-editor\" data-id=\"e54c4de\" data-element_type=\"widget\" data-e-type=\"widget\" data-widget_type=\"text-editor.default\">\n\t\t\t\t<div class=\"elementor-widget-container\">\n\t\t\t\t\t\t\t\t\t<p>Die Firma baco-plan wurde im Jahr 2003 als Planungsgesellschaft f\u00fcr Generalplanungen im Bereich des Architektur- und Ingenieurwesens gegr\u00fcndet. Ziel war es, alle Leistungen auf dem Architektur \u2013 und Ingenieursektor aus einer Hand anbieten zu k\u00f6nnen. Dazu geh\u00f6ren s\u00e4mtliche Leistungen der Stadtplanung, Geb\u00e4udeplanung, Tragwerksplanung, Haustechnik und Energieplanung.<\/p>\t\t\t\t\t\t\t\t<\/div>\n\t\t\t\t<\/div>\n\t\t\t\t<div class=\"elementor-element elementor-element-ed53cbc elementor-widget elementor-widget-button\" data-id=\"ed53cbc\" data-element_type=\"widget\" data-e-type=\"widget\" data-widget_type=\"button.default\">\n\t\t\t\t<div class=\"elementor-widget-container\">\n\t\t\t\t\t\t\t\t\t<div class=\"elementor-button-wrapper\">\n\t\t\t\t\t<a class=\"elementor-button elementor-button-link elementor-size-sm\" href=\"https:\/\/suspicious-nightingale.37-148-207-16.plesk.page\/index.php\/baco-plan\/kontakt\/\">\n\t\t\t\t\t\t<span class=\"elementor-button-content-wrapper\">\n\t\t\t\t\t\t\t\t\t<span class=\"elementor-button-text\">Kontakt aufnehmen<\/span>\n\t\t\t\t\t<\/span>\n\t\t\t\t\t<\/a>\n\t\t\t\t<\/div>\n\t\t\t\t\t\t\t\t<\/div>\n\t\t\t\t<\/div>\n\t\t\t\t<\/div>\n\t\t\t\t\t<\/div>\n\t\t\t\t<\/div>\n\t\t<div class=\"elementor-element elementor-element-9259229 e-flex e-con-boxed e-con e-parent\" data-id=\"9259229\" data-element_type=\"container\" data-e-type=\"container\">\n\t\t\t\t\t<div class=\"e-con-inner\">\n\t\t<div class=\"elementor-element elementor-element-00a2e57 e-con-full e-flex e-con e-child\" data-id=\"00a2e57\" data-element_type=\"container\" data-e-type=\"container\">\n\t\t\t\t<div class=\"elementor-element elementor-element-ada7ba7 elementor-widget elementor-widget-text-editor\" data-id=\"ada7ba7\" data-element_type=\"widget\" data-e-type=\"widget\" data-widget_type=\"text-editor.default\">\n\t\t\t\t<div class=\"elementor-widget-container\">\n\t\t\t\t\t\t\t\t\t<p>\u00a9 offstocker \u2013 stock.adobe.com<\/p>\t\t\t\t\t\t\t\t<\/div>\n\t\t\t\t<\/div>\n\t\t\t\t<\/div>\n\t\t\t\t\t<\/div>\n\t\t\t\t<\/div>\n\t\t<div class=\"elementor-element elementor-element-feedfd3 e-flex e-con-boxed e-con e-parent\" data-id=\"feedfd3\" data-element_type=\"container\" data-e-type=\"container\">\n\t\t\t\t\t<div class=\"e-con-inner\">\n\t\t<div class=\"elementor-element elementor-element-a9a801b e-con-full e-flex e-con e-child\" data-id=\"a9a801b\" data-element_type=\"container\" data-e-type=\"container\">\n\t\t\t\t<div class=\"elementor-element elementor-element-3c4f94d elementor-widget elementor-widget-heading\" data-id=\"3c4f94d\" data-element_type=\"widget\" data-e-type=\"widget\" data-widget_type=\"heading.default\">\n\t\t\t\t<div class=\"elementor-widget-container\">\n\t\t\t\t\t<h2 class=\"elementor-heading-title elementor-size-default\">baco-plan GmbH mit Sitz in Hameln<\/h2>\t\t\t\t<\/div>\n\t\t\t\t<\/div>\n\t\t\t\t<div class=\"elementor-element elementor-element-152a910 elementor-widget-divider--view-line elementor-widget elementor-widget-divider\" data-id=\"152a910\" data-element_type=\"widget\" data-e-type=\"widget\" data-widget_type=\"divider.default\">\n\t\t\t\t<div class=\"elementor-widget-container\">\n\t\t\t\t\t\t\t<div class=\"elementor-divider\">\n\t\t\t<span class=\"elementor-divider-separator\">\n\t\t\t\t\t\t<\/span>\n\t\t<\/div>\n\t\t\t\t\t\t<\/div>\n\t\t\t\t<\/div>\n\t\t\t\t<div class=\"elementor-element elementor-element-2272d61 elementor-widget elementor-widget-text-editor\" data-id=\"2272d61\" data-element_type=\"widget\" data-e-type=\"widget\" data-widget_type=\"text-editor.default\">\n\t\t\t\t<div class=\"elementor-widget-container\">\n\t\t\t\t\t\t\t\t\t<p>Die Firma baco-plan bedient sich feststehenden freiberuflichen Partnern, die durch jahrelange Berufserfahrung im Team projekt- und objektbezogen zusammenarbeiten. Dieses Zusammenwirken gibt unseren Kunden ein H\u00f6chstma\u00df an Sicherheit und Vertrauen bezogen auf die zu erbringende und gew\u00fcnschte Dienstleistung.<\/p>\t\t\t\t\t\t\t\t<\/div>\n\t\t\t\t<\/div>\n\t\t\t\t<div class=\"elementor-element elementor-element-914c416 elementor-widget elementor-widget-text-editor\" data-id=\"914c416\" data-element_type=\"widget\" data-e-type=\"widget\" data-widget_type=\"text-editor.default\">\n\t\t\t\t<div class=\"elementor-widget-container\">\n\t\t\t\t\t\t\t\t\t<p>Weiterhin arbeitet baco-plan auch im Bereich der Projektentwicklung. Durch gezielte Akquisition von Grundst\u00fccken werden Projekte im Bereich des Einzelhandels und der Sozialimmobilie entwickelt und an Investoren verkauft. Durch den Verbund erfahrener Architekten und Ingenieure ist die Firma baco-plan auch in der Lage, eine qualifizierte Projektsteuerung anzubieten. Dabei unterst\u00fctzen und begleiten wir Sie in allen Fragen rund um Ihr Bauvorhaben.<\/p>\t\t\t\t\t\t\t\t<\/div>\n\t\t\t\t<\/div>\n\t\t\t\t<div class=\"elementor-element elementor-element-9d6fa35 elementor-widget elementor-widget-button\" data-id=\"9d6fa35\" data-element_type=\"widget\" data-e-type=\"widget\" data-widget_type=\"button.default\">\n\t\t\t\t<div class=\"elementor-widget-container\">\n\t\t\t\t\t\t\t\t\t<div class=\"elementor-button-wrapper\">\n\t\t\t\t\t<a class=\"elementor-button elementor-button-link elementor-size-sm\" href=\"https:\/\/suspicious-nightingale.37-148-207-16.plesk.page\/index.php\/baco-plan\/leistungen\/\">\n\t\t\t\t\t\t<span class=\"elementor-button-content-wrapper\">\n\t\t\t\t\t\t<span class=\"elementor-button-icon\">\n\t\t\t\t<svg aria-hidden=\"true\" class=\"e-font-icon-svg e-fas-angle-right\" viewBox=\"0 0 256 512\" xmlns=\"http:\/\/www.w3.org\/2000\/svg\"><path d=\"M224.3 273l-136 136c-9.4 9.4-24.6 9.4-33.9 0l-22.6-22.6c-9.4-9.4-9.4-24.6 0-33.9l96.4-96.4-96.4-96.4c-9.4-9.4-9.4-24.6 0-33.9L54.3 103c9.4-9.4 24.6-9.4 33.9 0l136 136c9.5 9.4 9.5 24.6.1 34z\"><\/path><\/svg>\t\t\t<\/span>\n\t\t\t\t\t\t\t\t\t<span class=\"elementor-button-text\">Unsere Leistungen<\/span>\n\t\t\t\t\t<\/span>\n\t\t\t\t\t<\/a>\n\t\t\t\t<\/div>\n\t\t\t\t\t\t\t\t<\/div>\n\t\t\t\t<\/div>\n\t\t\t\t<\/div>\n\t\t\t\t\t<\/div>\n\t\t\t\t<\/div>\n\t\t<div class=\"elementor-element elementor-element-d50f36f e-flex e-con-boxed e-con e-parent\" data-id=\"d50f36f\" data-element_type=\"container\" data-e-type=\"container\">\n\t\t\t\t\t<div class=\"e-con-inner\">\n\t\t<div class=\"elementor-element elementor-element-584a9aa e-con-full e-flex e-con e-child\" data-id=\"584a9aa\" data-element_type=\"container\" data-e-type=\"container\">\n\t\t\t\t<div class=\"elementor-element elementor-element-a66f625 elementor-widget elementor-widget-heading\" data-id=\"a66f625\" data-element_type=\"widget\" data-e-type=\"widget\" data-widget_type=\"heading.default\">\n\t\t\t\t<div class=\"elementor-widget-container\">\n\t\t\t\t\t<h2 class=\"elementor-heading-title elementor-size-default\">Referenzen<\/h2>\t\t\t\t<\/div>\n\t\t\t\t<\/div>\n\t\t\t\t<\/div>\n\t\t<div class=\"elementor-element elementor-element-6e0db72 e-con-full e-flex e-con e-child\" data-id=\"6e0db72\" data-element_type=\"container\" data-e-type=\"container\">\n\t\t\t\t<div class=\"elementor-element elementor-element-a72328d elementor-widget elementor-widget-heading\" data-id=\"a72328d\" data-element_type=\"widget\" data-e-type=\"widget\" data-widget_type=\"heading.default\">\n\t\t\t\t<div class=\"elementor-widget-container\">\n\t\t\t\t\t<h2 class=\"elementor-heading-title elementor-size-default\">Hier finden Sie Referenzen der baco-plan GmbH.<\/h2>\t\t\t\t<\/div>\n\t\t\t\t<\/div>\n\t\t\t\t<div class=\"elementor-element elementor-element-5b50a72 elementor-widget elementor-widget-button\" data-id=\"5b50a72\" data-element_type=\"widget\" data-e-type=\"widget\" data-widget_type=\"button.default\">\n\t\t\t\t<div class=\"elementor-widget-container\">\n\t\t\t\t\t\t\t\t\t<div class=\"elementor-button-wrapper\">\n\t\t\t\t\t<a class=\"elementor-button elementor-button-link elementor-size-sm\" href=\"https:\/\/suspicious-nightingale.37-148-207-16.plesk.page\/index.php\/baco-plan\/referenzen\/\">\n\t\t\t\t\t\t<span class=\"elementor-button-content-wrapper\">\n\t\t\t\t\t\t<span class=\"elementor-button-icon\">\n\t\t\t\t<svg aria-hidden=\"true\" class=\"e-font-icon-svg e-fas-angle-right\" viewBox=\"0 0 256 512\" xmlns=\"http:\/\/www.w3.org\/2000\/svg\"><path d=\"M224.3 273l-136 136c-9.4 9.4-24.6 9.4-33.9 0l-22.6-22.6c-9.4-9.4-9.4-24.6 0-33.9l96.4-96.4-96.4-96.4c-9.4-9.4-9.4-24.6 0-33.9L54.3 103c9.4-9.4 24.6-9.4 33.9 0l136 136c9.5 9.4 9.5 24.6.1 34z\"><\/path><\/svg>\t\t\t<\/span>\n\t\t\t\t\t\t\t\t\t<span class=\"elementor-button-text\">Unsere Referenzen<\/span>\n\t\t\t\t\t<\/span>\n\t\t\t\t\t<\/a>\n\t\t\t\t<\/div>\n\t\t\t\t\t\t\t\t<\/div>\n\t\t\t\t<\/div>\n\t\t\t\t<\/div>\n\t\t\t\t\t<\/div>\n\t\t\t\t<\/div>\n\t\t<div class=\"elementor-element elementor-element-4774ae9 e-con-full e-flex e-con e-parent\" data-id=\"4774ae9\" data-element_type=\"container\" data-e-type=\"container\">\n\t\t\t\t<div class=\"elementor-element elementor-element-37b47e8 elementor-arrows-position-inside elementor-widget elementor-widget-image-carousel\" data-id=\"37b47e8\" data-element_type=\"widget\" data-e-type=\"widget\" data-settings=\"{&quot;slides_to_show&quot;:&quot;5&quot;,&quot;slides_to_show_tablet&quot;:&quot;3&quot;,&quot;slides_to_show_mobile&quot;:&quot;2&quot;,&quot;slides_to_scroll&quot;:&quot;1&quot;,&quot;navigation&quot;:&quot;arrows&quot;,&quot;image_spacing_custom&quot;:{&quot;unit&quot;:&quot;px&quot;,&quot;size&quot;:10,&quot;sizes&quot;:[]},&quot;autoplay&quot;:&quot;yes&quot;,&quot;pause_on_hover&quot;:&quot;yes&quot;,&quot;pause_on_interaction&quot;:&quot;yes&quot;,&quot;autoplay_speed&quot;:5000,&quot;infinite&quot;:&quot;yes&quot;,&quot;speed&quot;:500,&quot;image_spacing_custom_tablet&quot;:{&quot;unit&quot;:&quot;px&quot;,&quot;size&quot;:&quot;&quot;,&quot;sizes&quot;:[]},&quot;image_spacing_custom_mobile&quot;:{&quot;unit&quot;:&quot;px&quot;,&quot;size&quot;:&quot;&quot;,&quot;sizes&quot;:[]}}\" data-widget_type=\"image-carousel.default\">\n\t\t\t\t<div class=\"elementor-widget-container\">\n\t\t\t\t\t\t\t<div class=\"elementor-image-carousel-wrapper swiper\" role=\"region\" aria-roledescription=\"carousel\" aria-label=\"Bild Karussell\" dir=\"ltr\">\n\t\t\t<div class=\"elementor-image-carousel swiper-wrapper swiper-image-stretch\" aria-live=\"off\">\n\t\t\t\t\t\t\t\t<div class=\"swiper-slide\" role=\"group\" aria-roledescription=\"slide\" aria-label=\"1 von 10\"><a data-elementor-open-lightbox=\"yes\" data-elementor-lightbox-slideshow=\"37b47e8\" data-elementor-lightbox-title=\"business_baco_053\" data-e-action-hash=\"#elementor-action%3Aaction%3Dlightbox%26settings%3DeyJpZCI6MzA5LCJ1cmwiOiJodHRwczpcL1wvc3VzcGljaW91cy1uaWdodGluZ2FsZS4zNy0xNDgtMjA3LTE2LnBsZXNrLnBhZ2VcL3dwLWNvbnRlbnRcL3VwbG9hZHNcLzIwMjVcLzA0XC9idXNpbmVzc19iYWNvXzA1My5qcGciLCJzbGlkZXNob3ciOiIzN2I0N2U4In0%3D\" href=\"https:\/\/suspicious-nightingale.37-148-207-16.plesk.page\/index.php\/baco-plan\/referenzen\/\"><figure class=\"swiper-slide-inner\"><img decoding=\"async\" class=\"swiper-slide-image\" src=\"https:\/\/suspicious-nightingale.37-148-207-16.plesk.page\/wp-content\/uploads\/2025\/04\/business_baco_053.jpg\" alt=\"business_baco_053\" \/><\/figure><\/a><\/div><div class=\"swiper-slide\" role=\"group\" aria-roledescription=\"slide\" aria-label=\"2 von 10\"><a data-elementor-open-lightbox=\"yes\" data-elementor-lightbox-slideshow=\"37b47e8\" data-elementor-lightbox-title=\"business_baco_036\" data-e-action-hash=\"#elementor-action%3Aaction%3Dlightbox%26settings%3DeyJpZCI6Mjc5LCJ1cmwiOiJodHRwczpcL1wvc3VzcGljaW91cy1uaWdodGluZ2FsZS4zNy0xNDgtMjA3LTE2LnBsZXNrLnBhZ2VcL3dwLWNvbnRlbnRcL3VwbG9hZHNcLzIwMjVcLzA0XC9idXNpbmVzc19iYWNvXzAzNi5qcGciLCJzbGlkZXNob3ciOiIzN2I0N2U4In0%3D\" href=\"https:\/\/suspicious-nightingale.37-148-207-16.plesk.page\/index.php\/baco-plan\/referenzen\/\"><figure class=\"swiper-slide-inner\"><img decoding=\"async\" class=\"swiper-slide-image\" src=\"https:\/\/suspicious-nightingale.37-148-207-16.plesk.page\/wp-content\/uploads\/2025\/04\/business_baco_036.jpg\" alt=\"business_baco_036\" \/><\/figure><\/a><\/div><div class=\"swiper-slide\" role=\"group\" aria-roledescription=\"slide\" aria-label=\"3 von 10\"><a data-elementor-open-lightbox=\"yes\" data-elementor-lightbox-slideshow=\"37b47e8\" data-elementor-lightbox-title=\"business_baco_021\" data-e-action-hash=\"#elementor-action%3Aaction%3Dlightbox%26settings%3DeyJpZCI6MjkzLCJ1cmwiOiJodHRwczpcL1wvc3VzcGljaW91cy1uaWdodGluZ2FsZS4zNy0xNDgtMjA3LTE2LnBsZXNrLnBhZ2VcL3dwLWNvbnRlbnRcL3VwbG9hZHNcLzIwMjVcLzA0XC9idXNpbmVzc19iYWNvXzAyMS5qcGciLCJzbGlkZXNob3ciOiIzN2I0N2U4In0%3D\" href=\"https:\/\/suspicious-nightingale.37-148-207-16.plesk.page\/index.php\/baco-plan\/referenzen\/\"><figure class=\"swiper-slide-inner\"><img decoding=\"async\" class=\"swiper-slide-image\" src=\"https:\/\/suspicious-nightingale.37-148-207-16.plesk.page\/wp-content\/uploads\/2025\/04\/business_baco_021.jpg\" alt=\"business_baco_021\" \/><\/figure><\/a><\/div><div class=\"swiper-slide\" role=\"group\" aria-roledescription=\"slide\" aria-label=\"4 von 10\"><a data-elementor-open-lightbox=\"yes\" data-elementor-lightbox-slideshow=\"37b47e8\" data-elementor-lightbox-title=\"business_baco_020\" data-e-action-hash=\"#elementor-action%3Aaction%3Dlightbox%26settings%3DeyJpZCI6MjkyLCJ1cmwiOiJodHRwczpcL1wvc3VzcGljaW91cy1uaWdodGluZ2FsZS4zNy0xNDgtMjA3LTE2LnBsZXNrLnBhZ2VcL3dwLWNvbnRlbnRcL3VwbG9hZHNcLzIwMjVcLzA0XC9idXNpbmVzc19iYWNvXzAyMC5qcGciLCJzbGlkZXNob3ciOiIzN2I0N2U4In0%3D\" href=\"https:\/\/suspicious-nightingale.37-148-207-16.plesk.page\/index.php\/baco-plan\/referenzen\/\"><figure class=\"swiper-slide-inner\"><img decoding=\"async\" class=\"swiper-slide-image\" src=\"https:\/\/suspicious-nightingale.37-148-207-16.plesk.page\/wp-content\/uploads\/2025\/04\/business_baco_020.jpg\" alt=\"business_baco_020\" \/><\/figure><\/a><\/div><div class=\"swiper-slide\" role=\"group\" aria-roledescription=\"slide\" aria-label=\"5 von 10\"><a data-elementor-open-lightbox=\"yes\" data-elementor-lightbox-slideshow=\"37b47e8\" data-elementor-lightbox-title=\"business_baco_011\" data-e-action-hash=\"#elementor-action%3Aaction%3Dlightbox%26settings%3DeyJpZCI6Mjg4LCJ1cmwiOiJodHRwczpcL1wvc3VzcGljaW91cy1uaWdodGluZ2FsZS4zNy0xNDgtMjA3LTE2LnBsZXNrLnBhZ2VcL3dwLWNvbnRlbnRcL3VwbG9hZHNcLzIwMjVcLzA0XC9idXNpbmVzc19iYWNvXzAxMS5qcGciLCJzbGlkZXNob3ciOiIzN2I0N2U4In0%3D\" href=\"https:\/\/suspicious-nightingale.37-148-207-16.plesk.page\/index.php\/baco-plan\/referenzen\/\"><figure class=\"swiper-slide-inner\"><img decoding=\"async\" class=\"swiper-slide-image\" src=\"https:\/\/suspicious-nightingale.37-148-207-16.plesk.page\/wp-content\/uploads\/2025\/04\/business_baco_011.jpg\" alt=\"business_baco_011\" \/><\/figure><\/a><\/div><div class=\"swiper-slide\" role=\"group\" aria-roledescription=\"slide\" aria-label=\"6 von 10\"><a data-elementor-open-lightbox=\"yes\" data-elementor-lightbox-slideshow=\"37b47e8\" data-elementor-lightbox-title=\"business_baco_005\" data-e-action-hash=\"#elementor-action%3Aaction%3Dlightbox%26settings%3DeyJpZCI6MzA1LCJ1cmwiOiJodHRwczpcL1wvc3VzcGljaW91cy1uaWdodGluZ2FsZS4zNy0xNDgtMjA3LTE2LnBsZXNrLnBhZ2VcL3dwLWNvbnRlbnRcL3VwbG9hZHNcLzIwMjVcLzA0XC9idXNpbmVzc19iYWNvXzAwNS5qcGciLCJzbGlkZXNob3ciOiIzN2I0N2U4In0%3D\" href=\"https:\/\/suspicious-nightingale.37-148-207-16.plesk.page\/index.php\/baco-plan\/referenzen\/\"><figure class=\"swiper-slide-inner\"><img decoding=\"async\" class=\"swiper-slide-image\" src=\"https:\/\/suspicious-nightingale.37-148-207-16.plesk.page\/wp-content\/uploads\/2025\/04\/business_baco_005.jpg\" alt=\"business_baco_005\" \/><\/figure><\/a><\/div><div class=\"swiper-slide\" role=\"group\" aria-roledescription=\"slide\" aria-label=\"7 von 10\"><a data-elementor-open-lightbox=\"yes\" data-elementor-lightbox-slideshow=\"37b47e8\" data-elementor-lightbox-title=\"business_baco_098\" data-e-action-hash=\"#elementor-action%3Aaction%3Dlightbox%26settings%3DeyJpZCI6MjM0LCJ1cmwiOiJodHRwczpcL1wvc3VzcGljaW91cy1uaWdodGluZ2FsZS4zNy0xNDgtMjA3LTE2LnBsZXNrLnBhZ2VcL3dwLWNvbnRlbnRcL3VwbG9hZHNcLzIwMjVcLzA0XC9idXNpbmVzc19iYWNvXzA5OC1zY2FsZWQuanBnIiwic2xpZGVzaG93IjoiMzdiNDdlOCJ9\" href=\"https:\/\/suspicious-nightingale.37-148-207-16.plesk.page\/index.php\/baco-plan\/referenzen\/\"><figure class=\"swiper-slide-inner\"><img decoding=\"async\" class=\"swiper-slide-image\" src=\"https:\/\/suspicious-nightingale.37-148-207-16.plesk.page\/wp-content\/uploads\/2025\/04\/business_baco_098-scaled.jpg\" alt=\"business_baco_098\" \/><\/figure><\/a><\/div><div class=\"swiper-slide\" role=\"group\" aria-roledescription=\"slide\" aria-label=\"8 von 10\"><a data-elementor-open-lightbox=\"yes\" data-elementor-lightbox-slideshow=\"37b47e8\" data-elementor-lightbox-title=\"business_baco_085\" data-e-action-hash=\"#elementor-action%3Aaction%3Dlightbox%26settings%3DeyJpZCI6MjQ0LCJ1cmwiOiJodHRwczpcL1wvc3VzcGljaW91cy1uaWdodGluZ2FsZS4zNy0xNDgtMjA3LTE2LnBsZXNrLnBhZ2VcL3dwLWNvbnRlbnRcL3VwbG9hZHNcLzIwMjVcLzA0XC9idXNpbmVzc19iYWNvXzA4NS1zY2FsZWQuanBnIiwic2xpZGVzaG93IjoiMzdiNDdlOCJ9\" href=\"https:\/\/suspicious-nightingale.37-148-207-16.plesk.page\/index.php\/baco-plan\/referenzen\/\"><figure class=\"swiper-slide-inner\"><img decoding=\"async\" class=\"swiper-slide-image\" src=\"https:\/\/suspicious-nightingale.37-148-207-16.plesk.page\/wp-content\/uploads\/2025\/04\/business_baco_085-scaled.jpg\" alt=\"business_baco_085\" \/><\/figure><\/a><\/div><div class=\"swiper-slide\" role=\"group\" aria-roledescription=\"slide\" aria-label=\"9 von 10\"><a data-elementor-open-lightbox=\"yes\" data-elementor-lightbox-slideshow=\"37b47e8\" data-elementor-lightbox-title=\"business_baco_068\" data-e-action-hash=\"#elementor-action%3Aaction%3Dlightbox%26settings%3DeyJpZCI6MjY2LCJ1cmwiOiJodHRwczpcL1wvc3VzcGljaW91cy1uaWdodGluZ2FsZS4zNy0xNDgtMjA3LTE2LnBsZXNrLnBhZ2VcL3dwLWNvbnRlbnRcL3VwbG9hZHNcLzIwMjVcLzA0XC9idXNpbmVzc19iYWNvXzA2OC5qcGciLCJzbGlkZXNob3ciOiIzN2I0N2U4In0%3D\" href=\"https:\/\/suspicious-nightingale.37-148-207-16.plesk.page\/index.php\/baco-plan\/referenzen\/\"><figure class=\"swiper-slide-inner\"><img decoding=\"async\" class=\"swiper-slide-image\" src=\"https:\/\/suspicious-nightingale.37-148-207-16.plesk.page\/wp-content\/uploads\/2025\/04\/business_baco_068.jpg\" alt=\"business_baco_068\" \/><\/figure><\/a><\/div><div class=\"swiper-slide\" role=\"group\" aria-roledescription=\"slide\" aria-label=\"10 von 10\"><a data-elementor-open-lightbox=\"yes\" data-elementor-lightbox-slideshow=\"37b47e8\" data-elementor-lightbox-title=\"business_baco_060\" data-e-action-hash=\"#elementor-action%3Aaction%3Dlightbox%26settings%3DeyJpZCI6MjYyLCJ1cmwiOiJodHRwczpcL1wvc3VzcGljaW91cy1uaWdodGluZ2FsZS4zNy0xNDgtMjA3LTE2LnBsZXNrLnBhZ2VcL3dwLWNvbnRlbnRcL3VwbG9hZHNcLzIwMjVcLzA0XC9idXNpbmVzc19iYWNvXzA2MC5qcGciLCJzbGlkZXNob3ciOiIzN2I0N2U4In0%3D\" href=\"https:\/\/suspicious-nightingale.37-148-207-16.plesk.page\/index.php\/baco-plan\/referenzen\/\"><figure class=\"swiper-slide-inner\"><img decoding=\"async\" class=\"swiper-slide-image\" src=\"https:\/\/suspicious-nightingale.37-148-207-16.plesk.page\/wp-content\/uploads\/2025\/04\/business_baco_060.jpg\" alt=\"business_baco_060\" \/><\/figure><\/a><\/div>\t\t\t<\/div>\n\t\t\t\t\t\t\t\t\t\t\t\t<div class=\"elementor-swiper-button elementor-swiper-button-prev\" role=\"button\" tabindex=\"0\">\n\t\t\t\t\t\t<svg aria-hidden=\"true\" class=\"e-font-icon-svg e-eicon-chevron-left\" viewBox=\"0 0 1000 1000\" xmlns=\"http:\/\/www.w3.org\/2000\/svg\"><path d=\"M646 125C629 125 613 133 604 142L308 442C296 454 292 471 292 487 292 504 296 521 308 533L604 854C617 867 629 875 646 875 663 875 679 871 692 858 704 846 713 829 713 812 713 796 708 779 692 767L438 487 692 225C700 217 708 204 708 187 708 171 704 154 692 142 675 129 663 125 646 125Z\"><\/path><\/svg>\t\t\t\t\t<\/div>\n\t\t\t\t\t<div class=\"elementor-swiper-button elementor-swiper-button-next\" role=\"button\" tabindex=\"0\">\n\t\t\t\t\t\t<svg aria-hidden=\"true\" class=\"e-font-icon-svg e-eicon-chevron-right\" viewBox=\"0 0 1000 1000\" xmlns=\"http:\/\/www.w3.org\/2000\/svg\"><path d=\"M696 533C708 521 713 504 713 487 713 471 708 454 696 446L400 146C388 133 375 125 354 125 338 125 325 129 313 142 300 154 292 171 292 187 292 204 296 221 308 233L563 492 304 771C292 783 288 800 288 817 288 833 296 850 308 863 321 871 338 875 354 875 371 875 388 867 400 854L696 533Z\"><\/path><\/svg>\t\t\t\t\t<\/div>\n\t\t\t\t\n\t\t\t\t\t\t\t\t\t<\/div>\n\t\t\t\t\t\t<\/div>\n\t\t\t\t<\/div>\n\t\t\t\t<\/div>\n\t\t\t\t<\/div>\n\t\t","protected":false},"excerpt":{"rendered":"<p>Wir sind baco-plan Die Firma baco-plan wurde im Jahr 2003 als Planungsgesellschaft f\u00fcr Generalplanungen im Bereich des Architektur- und Ingenieurwesens gegr\u00fcndet. Ziel war es, alle Leistungen auf dem Architektur \u2013 und Ingenieursektor aus einer Hand anbieten zu k\u00f6nnen. Dazu geh\u00f6ren s\u00e4mtliche Leistungen der Stadtplanung, Geb\u00e4udeplanung, Tragwerksplanung, Haustechnik und Energieplanung. Kontakt aufnehmen \u00a9 offstocker \u2013 stock.adobe.com [&hellip;]<\/p>\n","protected":false},"author":1,"featured_media":0,"parent":178,"menu_order":0,"comment_status":"closed","ping_status":"closed","template":"","meta":{"_acf_changed":false,"footnotes":""},"unternehmen":[9],"class_list":["post-339","page","type-page","status-publish","hentry","unternehmen-baco-plan"],"acf":[],"_links":{"self":[{"href":"https:\/\/suspicious-nightingale.37-148-207-16.plesk.page\/index.php\/wp-json\/wp\/v2\/pages\/339","targetHints":{"allow":["GET"]}}],"collection":[{"href":"https:\/\/suspicious-nightingale.37-148-207-16.plesk.page\/index.php\/wp-json\/wp\/v2\/pages"}],"about":[{"href":"https:\/\/suspicious-nightingale.37-148-207-16.plesk.page\/index.php\/wp-json\/wp\/v2\/types\/page"}],"author":[{"embeddable":true,"href":"https:\/\/suspicious-nightingale.37-148-207-16.plesk.page\/index.php\/wp-json\/wp\/v2\/users\/1"}],"replies":[{"embeddable":true,"href":"https:\/\/suspicious-nightingale.37-148-207-16.plesk.page\/index.php\/wp-json\/wp\/v2\/comments?post=339"}],"version-history":[{"count":22,"href":"https:\/\/suspicious-nightingale.37-148-207-16.plesk.page\/index.php\/wp-json\/wp\/v2\/pages\/339\/revisions"}],"predecessor-version":[{"id":534,"href":"https:\/\/suspicious-nightingale.37-148-207-16.plesk.page\/index.php\/wp-json\/wp\/v2\/pages\/339\/revisions\/534"}],"up":[{"embeddable":true,"href":"https:\/\/suspicious-nightingale.37-148-207-16.plesk.page\/index.php\/wp-json\/wp\/v2\/pages\/178"}],"wp:attachment":[{"href":"https:\/\/suspicious-nightingale.37-148-207-16.plesk.page\/index.php\/wp-json\/wp\/v2\/media?parent=339"}],"wp:term":[{"taxonomy":"unternehmen","embeddable":true,"href":"https:\/\/suspicious-nightingale.37-148-207-16.plesk.page\/index.php\/wp-json\/wp\/v2\/unternehmen?post=339"}],"curies":[{"name":"wp","href":"https:\/\/api.w.org\/{rel}","templated":true}]}}