{"id":16,"date":"2025-04-03T14:04:23","date_gmt":"2025-04-03T14:04:23","guid":{"rendered":"https:\/\/suspicious-nightingale.37-148-207-16.plesk.page\/?page_id=16"},"modified":"2025-04-09T14:07:00","modified_gmt":"2025-04-09T14:07:00","slug":"baco-invest","status":"publish","type":"page","link":"https:\/\/suspicious-nightingale.37-148-207-16.plesk.page\/index.php\/baco-invest\/","title":{"rendered":"baco-invest"},"content":{"rendered":"\t\t<div data-elementor-type=\"wp-page\" data-elementor-id=\"16\" class=\"elementor elementor-16\" data-elementor-post-type=\"page\">\n\t\t\t\t<div class=\"elementor-element elementor-element-44fccc9 e-flex e-con-boxed e-con e-parent\" data-id=\"44fccc9\" data-element_type=\"container\" data-e-type=\"container\">\n\t\t\t\t\t<div class=\"e-con-inner\">\n\t\t<div class=\"elementor-element elementor-element-524d0b8 e-con-full e-flex e-con e-child\" data-id=\"524d0b8\" data-element_type=\"container\" data-e-type=\"container\">\n\t\t\t\t<div class=\"elementor-element elementor-element-5093c88 elementor-widget elementor-widget-heading\" data-id=\"5093c88\" data-element_type=\"widget\" data-e-type=\"widget\" data-widget_type=\"heading.default\">\n\t\t\t\t<div class=\"elementor-widget-container\">\n\t\t\t\t\t<h2 class=\"elementor-heading-title elementor-size-default\">\u00dcber die baco-invest GmbH<\/h2>\t\t\t\t<\/div>\n\t\t\t\t<\/div>\n\t\t\t\t<div class=\"elementor-element elementor-element-0f76121 elementor-widget-divider--view-line elementor-widget elementor-widget-divider\" data-id=\"0f76121\" data-element_type=\"widget\" data-e-type=\"widget\" data-widget_type=\"divider.default\">\n\t\t\t\t<div class=\"elementor-widget-container\">\n\t\t\t\t\t\t\t<div class=\"elementor-divider\">\n\t\t\t<span class=\"elementor-divider-separator\">\n\t\t\t\t\t\t<\/span>\n\t\t<\/div>\n\t\t\t\t\t\t<\/div>\n\t\t\t\t<\/div>\n\t\t\t\t<div class=\"elementor-element elementor-element-54553a1 elementor-widget elementor-widget-text-editor\" data-id=\"54553a1\" data-element_type=\"widget\" data-e-type=\"widget\" data-widget_type=\"text-editor.default\">\n\t\t\t\t<div class=\"elementor-widget-container\">\n\t\t\t\t\t\t\t\t\t<p>Die baco-invest GmbH, gegr\u00fcndet im Fr\u00fchjahr 2012 als Erg\u00e4nzung zur baco-plan GmbH, agiert als Projektentwickler und Bautr\u00e4ger. In enger Kooperation mit der Planungsgesellschaft realisieren wir Wohnungs- und Gewerbebauprojekte, bieten dabei ein erfahrenes Team aus Architekten, Ingenieuren und Vertriebsexperten. Gemeinsam steuern wir Ihr Projekt f\u00fcr eine erfolgreiche Ankunft am Markt.<\/p>\t\t\t\t\t\t\t\t<\/div>\n\t\t\t\t<\/div>\n\t\t\t\t<div class=\"elementor-element elementor-element-a2981ff elementor-widget elementor-widget-button\" data-id=\"a2981ff\" data-element_type=\"widget\" data-e-type=\"widget\" data-widget_type=\"button.default\">\n\t\t\t\t<div class=\"elementor-widget-container\">\n\t\t\t\t\t\t\t\t\t<div class=\"elementor-button-wrapper\">\n\t\t\t\t\t<a class=\"elementor-button elementor-button-link elementor-size-sm\" href=\"https:\/\/suspicious-nightingale.37-148-207-16.plesk.page\/index.php\/baco-invest\/ueber-baco-invest\/\">\n\t\t\t\t\t\t<span class=\"elementor-button-content-wrapper\">\n\t\t\t\t\t\t<span class=\"elementor-button-icon\">\n\t\t\t\t<svg aria-hidden=\"true\" class=\"e-font-icon-svg e-fas-angle-right\" viewBox=\"0 0 256 512\" xmlns=\"http:\/\/www.w3.org\/2000\/svg\"><path d=\"M224.3 273l-136 136c-9.4 9.4-24.6 9.4-33.9 0l-22.6-22.6c-9.4-9.4-9.4-24.6 0-33.9l96.4-96.4-96.4-96.4c-9.4-9.4-9.4-24.6 0-33.9L54.3 103c9.4-9.4 24.6-9.4 33.9 0l136 136c9.5 9.4 9.5 24.6.1 34z\"><\/path><\/svg>\t\t\t<\/span>\n\t\t\t\t\t\t\t\t\t<span class=\"elementor-button-text\">Mehr \u00fcber uns<\/span>\n\t\t\t\t\t<\/span>\n\t\t\t\t\t<\/a>\n\t\t\t\t<\/div>\n\t\t\t\t\t\t\t\t<\/div>\n\t\t\t\t<\/div>\n\t\t\t\t<\/div>\n\t\t<div class=\"elementor-element elementor-element-9a6b22d e-con-full e-flex e-con e-child\" data-id=\"9a6b22d\" data-element_type=\"container\" data-e-type=\"container\">\n\t\t\t\t<div class=\"elementor-element elementor-element-0da9be6 elementor-widget elementor-widget-image\" data-id=\"0da9be6\" data-element_type=\"widget\" data-e-type=\"widget\" data-widget_type=\"image.default\">\n\t\t\t\t<div class=\"elementor-widget-container\">\n\t\t\t\t\t\t\t\t\t\t\t\t\t\t\t<img fetchpriority=\"high\" decoding=\"async\" width=\"800\" height=\"534\" src=\"https:\/\/suspicious-nightingale.37-148-207-16.plesk.page\/wp-content\/uploads\/2025\/04\/AdobeStock_672758386-scaled-1-1024x684.jpeg\" class=\"attachment-large size-large wp-image-23\" alt=\"\" srcset=\"https:\/\/suspicious-nightingale.37-148-207-16.plesk.page\/wp-content\/uploads\/2025\/04\/AdobeStock_672758386-scaled-1-1024x684.jpeg 1024w, https:\/\/suspicious-nightingale.37-148-207-16.plesk.page\/wp-content\/uploads\/2025\/04\/AdobeStock_672758386-scaled-1-300x200.jpeg 300w, https:\/\/suspicious-nightingale.37-148-207-16.plesk.page\/wp-content\/uploads\/2025\/04\/AdobeStock_672758386-scaled-1-768x513.jpeg 768w, https:\/\/suspicious-nightingale.37-148-207-16.plesk.page\/wp-content\/uploads\/2025\/04\/AdobeStock_672758386-scaled-1-1536x1025.jpeg 1536w, https:\/\/suspicious-nightingale.37-148-207-16.plesk.page\/wp-content\/uploads\/2025\/04\/AdobeStock_672758386-scaled-1-2048x1367.jpeg 2048w\" sizes=\"(max-width: 800px) 100vw, 800px\" \/>\t\t\t\t\t\t\t\t\t\t\t\t\t\t\t<\/div>\n\t\t\t\t<\/div>\n\t\t\t\t<div class=\"elementor-element elementor-element-50fe578 elementor-widget elementor-widget-text-editor\" data-id=\"50fe578\" data-element_type=\"widget\" data-e-type=\"widget\" data-widget_type=\"text-editor.default\">\n\t\t\t\t<div class=\"elementor-widget-container\">\n\t\t\t\t\t\t\t\t\t<p>\u00a9 khunkornStudio \u2013 stock.adobe.com<\/p>\t\t\t\t\t\t\t\t<\/div>\n\t\t\t\t<\/div>\n\t\t\t\t<\/div>\n\t\t\t\t\t<\/div>\n\t\t\t\t<\/div>\n\t\t<div class=\"elementor-element elementor-element-93537fc e-flex e-con-boxed e-con e-parent\" data-id=\"93537fc\" data-element_type=\"container\" data-e-type=\"container\" data-settings=\"{&quot;background_background&quot;:&quot;classic&quot;,&quot;background_motion_fx_motion_fx_scrolling&quot;:&quot;yes&quot;,&quot;background_motion_fx_translateX_effect&quot;:&quot;yes&quot;,&quot;background_motion_fx_translateX_speed&quot;:{&quot;unit&quot;:&quot;px&quot;,&quot;size&quot;:4,&quot;sizes&quot;:[]},&quot;background_motion_fx_translateX_affectedRange&quot;:{&quot;unit&quot;:&quot;%&quot;,&quot;size&quot;:&quot;&quot;,&quot;sizes&quot;:{&quot;start&quot;:0,&quot;end&quot;:100}},&quot;background_motion_fx_devices&quot;:[&quot;desktop&quot;,&quot;tablet&quot;,&quot;mobile&quot;]}\">\n\t\t\t\t\t<div class=\"e-con-inner\">\n\t\t<div class=\"elementor-element elementor-element-d06827e e-flex e-con-boxed e-con e-child\" data-id=\"d06827e\" data-element_type=\"container\" data-e-type=\"container\">\n\t\t\t\t\t<div class=\"e-con-inner\">\n\t\t\t\t<div class=\"elementor-element elementor-element-f395b36 elementor-widget elementor-widget-heading\" data-id=\"f395b36\" data-element_type=\"widget\" data-e-type=\"widget\" data-widget_type=\"heading.default\">\n\t\t\t\t<div class=\"elementor-widget-container\">\n\t\t\t\t\t<h2 class=\"elementor-heading-title elementor-size-default\">Unsere aktuellen Projekte<\/h2>\t\t\t\t<\/div>\n\t\t\t\t<\/div>\n\t\t\t\t<div class=\"elementor-element elementor-element-f56e01a elementor-widget elementor-widget-button\" data-id=\"f56e01a\" data-element_type=\"widget\" data-e-type=\"widget\" data-widget_type=\"button.default\">\n\t\t\t\t<div class=\"elementor-widget-container\">\n\t\t\t\t\t\t\t\t\t<div class=\"elementor-button-wrapper\">\n\t\t\t\t\t<a class=\"elementor-button elementor-button-link elementor-size-sm\" href=\"https:\/\/suspicious-nightingale.37-148-207-16.plesk.page\/index.php\/baco-invest\/referenzen\/\">\n\t\t\t\t\t\t<span class=\"elementor-button-content-wrapper\">\n\t\t\t\t\t\t<span class=\"elementor-button-icon\">\n\t\t\t\t<svg aria-hidden=\"true\" class=\"e-font-icon-svg e-fas-chevron-right\" viewBox=\"0 0 320 512\" xmlns=\"http:\/\/www.w3.org\/2000\/svg\"><path d=\"M285.476 272.971L91.132 467.314c-9.373 9.373-24.569 9.373-33.941 0l-22.667-22.667c-9.357-9.357-9.375-24.522-.04-33.901L188.505 256 34.484 101.255c-9.335-9.379-9.317-24.544.04-33.901l22.667-22.667c9.373-9.373 24.569-9.373 33.941 0L285.475 239.03c9.373 9.372 9.373 24.568.001 33.941z\"><\/path><\/svg>\t\t\t<\/span>\n\t\t\t\t\t\t\t\t\t<span class=\"elementor-button-text\">Mehr erfahren<\/span>\n\t\t\t\t\t<\/span>\n\t\t\t\t\t<\/a>\n\t\t\t\t<\/div>\n\t\t\t\t\t\t\t\t<\/div>\n\t\t\t\t<\/div>\n\t\t\t\t\t<\/div>\n\t\t\t\t<\/div>\n\t\t\t\t<div class=\"elementor-element elementor-element-463a9c8 elementor-widget elementor-widget-text-editor\" data-id=\"463a9c8\" data-element_type=\"widget\" data-e-type=\"widget\" data-widget_type=\"text-editor.default\">\n\t\t\t\t<div class=\"elementor-widget-container\">\n\t\t\t\t\t\t\t\t\t<p>\u00a9 radekcho \u2013 stock.adobe.com<\/p>\t\t\t\t\t\t\t\t<\/div>\n\t\t\t\t<\/div>\n\t\t\t\t\t<\/div>\n\t\t\t\t<\/div>\n\t\t\t\t<\/div>\n\t\t","protected":false},"excerpt":{"rendered":"<p>\u00dcber die baco-invest GmbH Die baco-invest GmbH, gegr\u00fcndet im Fr\u00fchjahr 2012 als Erg\u00e4nzung zur baco-plan GmbH, agiert als Projektentwickler und Bautr\u00e4ger. In enger Kooperation mit der Planungsgesellschaft realisieren wir Wohnungs- und Gewerbebauprojekte, bieten dabei ein erfahrenes Team aus Architekten, Ingenieuren und Vertriebsexperten. Gemeinsam steuern wir Ihr Projekt f\u00fcr eine erfolgreiche Ankunft am Markt. Mehr \u00fcber [&hellip;]<\/p>\n","protected":false},"author":1,"featured_media":0,"parent":0,"menu_order":0,"comment_status":"closed","ping_status":"closed","template":"","meta":{"_acf_changed":false,"footnotes":""},"unternehmen":[],"class_list":["post-16","page","type-page","status-publish","hentry"],"acf":[],"_links":{"self":[{"href":"https:\/\/suspicious-nightingale.37-148-207-16.plesk.page\/index.php\/wp-json\/wp\/v2\/pages\/16","targetHints":{"allow":["GET"]}}],"collection":[{"href":"https:\/\/suspicious-nightingale.37-148-207-16.plesk.page\/index.php\/wp-json\/wp\/v2\/pages"}],"about":[{"href":"https:\/\/suspicious-nightingale.37-148-207-16.plesk.page\/index.php\/wp-json\/wp\/v2\/types\/page"}],"author":[{"embeddable":true,"href":"https:\/\/suspicious-nightingale.37-148-207-16.plesk.page\/index.php\/wp-json\/wp\/v2\/users\/1"}],"replies":[{"embeddable":true,"href":"https:\/\/suspicious-nightingale.37-148-207-16.plesk.page\/index.php\/wp-json\/wp\/v2\/comments?post=16"}],"version-history":[{"count":36,"href":"https:\/\/suspicious-nightingale.37-148-207-16.plesk.page\/index.php\/wp-json\/wp\/v2\/pages\/16\/revisions"}],"predecessor-version":[{"id":206,"href":"https:\/\/suspicious-nightingale.37-148-207-16.plesk.page\/index.php\/wp-json\/wp\/v2\/pages\/16\/revisions\/206"}],"wp:attachment":[{"href":"https:\/\/suspicious-nightingale.37-148-207-16.plesk.page\/index.php\/wp-json\/wp\/v2\/media?parent=16"}],"wp:term":[{"taxonomy":"unternehmen","embeddable":true,"href":"https:\/\/suspicious-nightingale.37-148-207-16.plesk.page\/index.php\/wp-json\/wp\/v2\/unternehmen?post=16"}],"curies":[{"name":"wp","href":"https:\/\/api.w.org\/{rel}","templated":true}]}}