{"id":102,"date":"2025-04-09T12:41:36","date_gmt":"2025-04-09T12:41:36","guid":{"rendered":"https:\/\/suspicious-nightingale.37-148-207-16.plesk.page\/?page_id=102"},"modified":"2025-04-10T12:43:02","modified_gmt":"2025-04-10T12:43:02","slug":"ueber-baco-invest","status":"publish","type":"page","link":"https:\/\/suspicious-nightingale.37-148-207-16.plesk.page\/index.php\/baco-invest\/ueber-baco-invest\/","title":{"rendered":"\u00dcber baco-invest"},"content":{"rendered":"\t\t<div data-elementor-type=\"wp-page\" data-elementor-id=\"102\" class=\"elementor elementor-102\" data-elementor-post-type=\"page\">\n\t\t\t\t<div class=\"elementor-element elementor-element-c8b3e6e e-flex e-con-boxed e-con e-parent\" data-id=\"c8b3e6e\" data-element_type=\"container\" data-e-type=\"container\" data-settings=\"{&quot;background_background&quot;:&quot;classic&quot;}\">\n\t\t\t\t\t<div class=\"e-con-inner\">\n\t\t<div class=\"elementor-element elementor-element-3599fce e-con-full e-flex e-con e-child\" data-id=\"3599fce\" data-element_type=\"container\" data-e-type=\"container\">\n\t\t\t\t<div class=\"elementor-element elementor-element-90cd5ad elementor-widget elementor-widget-heading\" data-id=\"90cd5ad\" data-element_type=\"widget\" data-e-type=\"widget\" data-widget_type=\"heading.default\">\n\t\t\t\t<div class=\"elementor-widget-container\">\n\t\t\t\t\t<h1 class=\"elementor-heading-title elementor-size-default\">Wir sind die baco-invest GmbH<\/h1>\t\t\t\t<\/div>\n\t\t\t\t<\/div>\n\t\t\t\t<div class=\"elementor-element elementor-element-8f38a45 elementor-widget elementor-widget-text-editor\" data-id=\"8f38a45\" data-element_type=\"widget\" data-e-type=\"widget\" data-widget_type=\"text-editor.default\">\n\t\t\t\t<div class=\"elementor-widget-container\">\n\t\t\t\t\t\t\t\t\t<p>Ihre Experten f\u00fcr erfolgreiche Bautr\u00e4gerprojekte im Wohnungs- und Gewerbebau. Gemeinsam setzen wir Ihre Immobilienideen um \u2013 lassen Sie uns Ihr Projekt ans Ziel bringen.<\/p>\t\t\t\t\t\t\t\t<\/div>\n\t\t\t\t<\/div>\n\t\t\t\t<div class=\"elementor-element elementor-element-66cf1ef elementor-widget elementor-widget-button\" data-id=\"66cf1ef\" data-element_type=\"widget\" data-e-type=\"widget\" data-widget_type=\"button.default\">\n\t\t\t\t<div class=\"elementor-widget-container\">\n\t\t\t\t\t\t\t\t\t<div class=\"elementor-button-wrapper\">\n\t\t\t\t\t<a class=\"elementor-button elementor-button-link elementor-size-sm\" href=\"https:\/\/suspicious-nightingale.37-148-207-16.plesk.page\/index.php\/baco-invest\/kontakt\/\">\n\t\t\t\t\t\t<span class=\"elementor-button-content-wrapper\">\n\t\t\t\t\t\t\t\t\t<span class=\"elementor-button-text\">Kontakt aufnehmen<\/span>\n\t\t\t\t\t<\/span>\n\t\t\t\t\t<\/a>\n\t\t\t\t<\/div>\n\t\t\t\t\t\t\t\t<\/div>\n\t\t\t\t<\/div>\n\t\t\t\t<\/div>\n\t\t\t\t\t<\/div>\n\t\t\t\t<\/div>\n\t\t<div class=\"elementor-element elementor-element-77e30de e-flex e-con-boxed e-con e-parent\" data-id=\"77e30de\" data-element_type=\"container\" data-e-type=\"container\">\n\t\t\t\t\t<div class=\"e-con-inner\">\n\t\t<div class=\"elementor-element elementor-element-04393a2 e-con-full e-flex e-con e-child\" data-id=\"04393a2\" data-element_type=\"container\" data-e-type=\"container\">\n\t\t\t\t<div class=\"elementor-element elementor-element-bbff7f9 elementor-widget elementor-widget-heading\" data-id=\"bbff7f9\" data-element_type=\"widget\" data-e-type=\"widget\" data-widget_type=\"heading.default\">\n\t\t\t\t<div class=\"elementor-widget-container\">\n\t\t\t\t\t<h2 class=\"elementor-heading-title elementor-size-default\">Erfolgreiche Projektentwicklung im Wohnungs- und Gewerbebau<\/h2>\t\t\t\t<\/div>\n\t\t\t\t<\/div>\n\t\t\t\t<div class=\"elementor-element elementor-element-26e69f3 elementor-widget-divider--view-line elementor-widget elementor-widget-divider\" data-id=\"26e69f3\" data-element_type=\"widget\" data-e-type=\"widget\" data-widget_type=\"divider.default\">\n\t\t\t\t<div class=\"elementor-widget-container\">\n\t\t\t\t\t\t\t<div class=\"elementor-divider\">\n\t\t\t<span class=\"elementor-divider-separator\">\n\t\t\t\t\t\t<\/span>\n\t\t<\/div>\n\t\t\t\t\t\t<\/div>\n\t\t\t\t<\/div>\n\t\t\t\t<div class=\"elementor-element elementor-element-e996c0e elementor-widget elementor-widget-text-editor\" data-id=\"e996c0e\" data-element_type=\"widget\" data-e-type=\"widget\" data-widget_type=\"text-editor.default\">\n\t\t\t\t<div class=\"elementor-widget-container\">\n\t\t\t\t\t\t\t\t\t<p>Die Firma baco-invest GmbH wurde als Erg\u00e4nzung zu der baco-plan GmbH im Fr\u00fchjahr 2012 gegr\u00fcndet. Grund war die h\u00e4ufige Nachfrage nach Bautr\u00e4gert\u00e4tigkeiten im T\u00e4tigkeitsfeld der baco-plan GmbH. Da die baco-plan GmbH aber ausschlie\u00dflich als Generalplaner im Planungsbereich t\u00e4tig ist, musste die baco-invest GmbH als Projektentwickler\/Bautr\u00e4ger gegr\u00fcndet werden. In enger Zusammenarbeit mit der Planungsgesellschaft werden in verantwortungsvoller Zusammenarbeit die Bautr\u00e4gerobjekte entwickelt und am Markt platziert.<\/p><p>Zu unseren Projektentwicklungen z\u00e4hlen folgende Zweige: Wohnungs- und Gewerbebau.<\/p><p>Der Kunde kann im Planungs- und Vertriebsbereich auf die jahrelange Erfahrung aller Partner zur\u00fcckgreifen. Architekten, Ingenieure u. Vertriebler bieten Ihnen ein Rundumpaket im Bereich der hochwertigen Immobilie. Alle Fragen im Immobiliengesch\u00e4ft k\u00f6nnen in pers\u00f6nlichen Gespr\u00e4chen er\u00f6rtert, beantwortet und nicht zuletzt gel\u00f6st werden.<\/p><p>Sie fahren mit uns in einem Boot und wir steuern es, damit Sie gut ankommen.<\/p>\t\t\t\t\t\t\t\t<\/div>\n\t\t\t\t<\/div>\n\t\t\t\t<div class=\"elementor-element elementor-element-0f5edd8 elementor-widget elementor-widget-button\" data-id=\"0f5edd8\" data-element_type=\"widget\" data-e-type=\"widget\" data-widget_type=\"button.default\">\n\t\t\t\t<div class=\"elementor-widget-container\">\n\t\t\t\t\t\t\t\t\t<div class=\"elementor-button-wrapper\">\n\t\t\t\t\t<a class=\"elementor-button elementor-button-link elementor-size-sm\" href=\"https:\/\/suspicious-nightingale.37-148-207-16.plesk.page\/index.php\/baco-invest\/referenzen\/\">\n\t\t\t\t\t\t<span class=\"elementor-button-content-wrapper\">\n\t\t\t\t\t\t<span class=\"elementor-button-icon\">\n\t\t\t\t<svg aria-hidden=\"true\" class=\"e-font-icon-svg e-fas-angle-right\" viewBox=\"0 0 256 512\" xmlns=\"http:\/\/www.w3.org\/2000\/svg\"><path d=\"M224.3 273l-136 136c-9.4 9.4-24.6 9.4-33.9 0l-22.6-22.6c-9.4-9.4-9.4-24.6 0-33.9l96.4-96.4-96.4-96.4c-9.4-9.4-9.4-24.6 0-33.9L54.3 103c9.4-9.4 24.6-9.4 33.9 0l136 136c9.5 9.4 9.5 24.6.1 34z\"><\/path><\/svg>\t\t\t<\/span>\n\t\t\t\t\t\t\t\t\t<span class=\"elementor-button-text\">Aktuelle Projekte<\/span>\n\t\t\t\t\t<\/span>\n\t\t\t\t\t<\/a>\n\t\t\t\t<\/div>\n\t\t\t\t\t\t\t\t<\/div>\n\t\t\t\t<\/div>\n\t\t\t\t<\/div>\n\t\t<div class=\"elementor-element elementor-element-6668bd0 e-con-full e-flex e-con e-child\" data-id=\"6668bd0\" data-element_type=\"container\" data-e-type=\"container\" data-settings=\"{&quot;background_background&quot;:&quot;classic&quot;,&quot;background_motion_fx_motion_fx_scrolling&quot;:&quot;yes&quot;,&quot;background_motion_fx_translateX_effect&quot;:&quot;yes&quot;,&quot;background_motion_fx_translateX_speed&quot;:{&quot;unit&quot;:&quot;px&quot;,&quot;size&quot;:4,&quot;sizes&quot;:[]},&quot;background_motion_fx_translateX_affectedRange&quot;:{&quot;unit&quot;:&quot;%&quot;,&quot;size&quot;:&quot;&quot;,&quot;sizes&quot;:{&quot;start&quot;:0,&quot;end&quot;:100}},&quot;background_motion_fx_devices&quot;:[&quot;desktop&quot;,&quot;tablet&quot;,&quot;mobile&quot;]}\">\n\t\t\t\t<div class=\"elementor-element elementor-element-a630f59 elementor-widget elementor-widget-text-editor\" data-id=\"a630f59\" data-element_type=\"widget\" data-e-type=\"widget\" data-widget_type=\"text-editor.default\">\n\t\t\t\t<div class=\"elementor-widget-container\">\n\t\t\t\t\t\t\t\t\t<p>\u00a9 khunkornStudio \u2013 stock.adobe.com<\/p>\t\t\t\t\t\t\t\t<\/div>\n\t\t\t\t<\/div>\n\t\t\t\t<\/div>\n\t\t\t\t\t<\/div>\n\t\t\t\t<\/div>\n\t\t\t\t<\/div>\n\t\t","protected":false},"excerpt":{"rendered":"<p>Wir sind die baco-invest GmbH Ihre Experten f\u00fcr erfolgreiche Bautr\u00e4gerprojekte im Wohnungs- und Gewerbebau. Gemeinsam setzen wir Ihre Immobilienideen um \u2013 lassen Sie uns Ihr Projekt ans Ziel bringen. Kontakt aufnehmen Erfolgreiche Projektentwicklung im Wohnungs- und Gewerbebau Die Firma baco-invest GmbH wurde als Erg\u00e4nzung zu der baco-plan GmbH im Fr\u00fchjahr 2012 gegr\u00fcndet. Grund war die [&hellip;]<\/p>\n","protected":false},"author":1,"featured_media":0,"parent":16,"menu_order":0,"comment_status":"closed","ping_status":"closed","template":"","meta":{"_acf_changed":false,"footnotes":""},"unternehmen":[10],"class_list":["post-102","page","type-page","status-publish","hentry","unternehmen-baco-invest"],"acf":[],"_links":{"self":[{"href":"https:\/\/suspicious-nightingale.37-148-207-16.plesk.page\/index.php\/wp-json\/wp\/v2\/pages\/102","targetHints":{"allow":["GET"]}}],"collection":[{"href":"https:\/\/suspicious-nightingale.37-148-207-16.plesk.page\/index.php\/wp-json\/wp\/v2\/pages"}],"about":[{"href":"https:\/\/suspicious-nightingale.37-148-207-16.plesk.page\/index.php\/wp-json\/wp\/v2\/types\/page"}],"author":[{"embeddable":true,"href":"https:\/\/suspicious-nightingale.37-148-207-16.plesk.page\/index.php\/wp-json\/wp\/v2\/users\/1"}],"replies":[{"embeddable":true,"href":"https:\/\/suspicious-nightingale.37-148-207-16.plesk.page\/index.php\/wp-json\/wp\/v2\/comments?post=102"}],"version-history":[{"count":15,"href":"https:\/\/suspicious-nightingale.37-148-207-16.plesk.page\/index.php\/wp-json\/wp\/v2\/pages\/102\/revisions"}],"predecessor-version":[{"id":174,"href":"https:\/\/suspicious-nightingale.37-148-207-16.plesk.page\/index.php\/wp-json\/wp\/v2\/pages\/102\/revisions\/174"}],"up":[{"embeddable":true,"href":"https:\/\/suspicious-nightingale.37-148-207-16.plesk.page\/index.php\/wp-json\/wp\/v2\/pages\/16"}],"wp:attachment":[{"href":"https:\/\/suspicious-nightingale.37-148-207-16.plesk.page\/index.php\/wp-json\/wp\/v2\/media?parent=102"}],"wp:term":[{"taxonomy":"unternehmen","embeddable":true,"href":"https:\/\/suspicious-nightingale.37-148-207-16.plesk.page\/index.php\/wp-json\/wp\/v2\/unternehmen?post=102"}],"curies":[{"name":"wp","href":"https:\/\/api.w.org\/{rel}","templated":true}]}}